{"id":2720,"date":"2022-03-08T13:02:30","date_gmt":"2022-03-08T13:02:30","guid":{"rendered":"https:\/\/impreza44.us-themes.com\/?page_id=43"},"modified":"2025-02-25T15:29:38","modified_gmt":"2025-02-25T15:29:38","slug":"home","status":"publish","type":"page","link":"https:\/\/www.floristeriabartolome.com\/","title":{"rendered":"Inicio"},"content":{"rendered":"<section class=\"l-section wpb_row us_custom_3fd474a4 height_custom with_img parallax_ver parallaxdir_reversed\"><div class=\"l-section-img\" role=\"img\" data-img-width=\"1919\" data-img-height=\"1100\" style=\"background-image: url(https:\/\/www.floristeriabartolome.com\/wp-content\/uploads\/2018\/02\/h1-parallax-img-2.jpg);background-repeat: no-repeat;\"><\/div><div class=\"l-section-h i-cf\"><div class=\"g-cols vc_row via_grid cols_1 laptops-cols_inherit tablets-cols_inherit mobiles-cols_1 valign_top type_default stacking_default\"><div class=\"wpb_column vc_column_container\"><div class=\"vc_column-inner\"><div class=\"g-cols wpb_row via_grid cols_1 laptops-cols_inherit tablets-cols_inherit mobiles-cols_1 valign_top type_default stacking_default\" style=\"--gap:3rem;\"><div class=\"wpb_column vc_column_container us_custom_8743d851 has_bg_color\"><div class=\"vc_column-inner\"><div class=\"w-image align_center\"><div class=\"w-image-h\"><img fetchpriority=\"high\" decoding=\"async\" width=\"600\" height=\"600\" src=\"https:\/\/www.floristeriabartolome.com\/wp-content\/uploads\/2024\/05\/Floristeria-Bartolome-600x600.png\" class=\"attachment-woocommerce_single size-woocommerce_single\" alt=\"\" loading=\"eager\" srcset=\"https:\/\/www.floristeriabartolome.com\/wp-content\/uploads\/2024\/05\/Floristeria-Bartolome-600x600.png 600w, https:\/\/www.floristeriabartolome.com\/wp-content\/uploads\/2024\/05\/Floristeria-Bartolome-300x300.png 300w, https:\/\/www.floristeriabartolome.com\/wp-content\/uploads\/2024\/05\/Floristeria-Bartolome-150x150.png 150w, https:\/\/www.floristeriabartolome.com\/wp-content\/uploads\/2024\/05\/Floristeria-Bartolome.png 1000w\" sizes=\"(max-width: 600px) 100vw, 600px\" \/><\/div><\/div><\/div><\/div><\/div><\/div><\/div><\/div><\/div><\/section><!-- Row Backgrounds --><section class=\"l-section wpb_row height_custom\"><div class=\"l-section-h i-cf\"><div class=\"g-cols vc_row via_grid cols_1 laptops-cols_inherit tablets-cols_inherit mobiles-cols_1 valign_top type_default stacking_default\"><div class=\"wpb_column vc_column_container us_custom_ca1624f0 has_bg_color\"><div class=\"vc_column-inner\"><div class=\"w-html us_custom_fca8cc99\">\n\t\t\t<!-- START Home 1 REVOLUTION SLIDER 6.7.4 --><p class=\"rs-p-wp-fix\"><\/p>\n\t\t\t<rs-module-wrap id=\"rev_slider_3_1_wrapper\" data-source=\"gallery\" style=\"visibility:hidden;background:transparent;padding:0;margin:0px auto;margin-top:0;margin-bottom:0;\">\n\t\t\t\t<rs-module id=\"rev_slider_3_1\" style=\"\" data-version=\"6.7.4\">\n\t\t\t\t\t<rs-slides style=\"overflow: hidden; position: absolute;\">\n\t\t\t\t\t\t<rs-slide style=\"position: absolute;\" data-key=\"rs-7\" data-title=\"Slide\" data-thumb=\"\/\/www.floristeriasbartolome.es\/wp-content\/uploads\/2018\/02\/h1-slide-1.jpg\" data-duration=\"8000ms\" data-anim=\"ms:600;\" data-in=\"o:0;\" data-out=\"a:false;\">\n\t\t\t\t\t\t\t<img decoding=\"async\" src=\"\/\/www.floristeriabartolome.com\/wp-content\/plugins\/revslider\/sr6\/assets\/assets\/dummy.png\" alt=\"a\" title=\"h1-slide-1\" width=\"1920\" height=\"1100\" class=\"rev-slidebg tp-rs-img rs-lazyload\" data-lazyload=\"\/\/www.floristeriasbartolome.es\/wp-content\/uploads\/2018\/02\/h1-slide-1.jpg\" data-parallax=\"6\" data-no-retina>\n<!--\n\t\t\t\t\t\t\t--><rs-layer\n\t\t\t\t\t\t\t\tid=\"slider-3-slide-7-layer-1\" \n\t\t\t\t\t\t\t\tdata-type=\"text\"\n\t\t\t\t\t\t\t\tdata-xy=\"x:c;xo:-7px,-9px,-9px,-9px;y:m;yo:-128px,-128px,-127px,-88px;\"\n\t\t\t\t\t\t\t\tdata-text=\"w:nowrap,normal,normal,normal;s:70,70,60,40;l:100;a:center;\"\n\t\t\t\t\t\t\t\tdata-dim=\"w:524px,484px,402px,282px;h:101px;\"\n\t\t\t\t\t\t\t\tdata-basealign=\"slide\"\n\t\t\t\t\t\t\t\tdata-rsp_o=\"off\"\n\t\t\t\t\t\t\t\tdata-rsp_bd=\"off\"\n\t\t\t\t\t\t\t\tdata-frame_0=\"y:100%;\"\n\t\t\t\t\t\t\t\tdata-frame_1=\"e:expo.out;st:300;sp:2000;sR:300;\"\n\t\t\t\t\t\t\t\tdata-frame_999=\"o:0;e:nothing;st:w;sp:800;sR:1700;\"\n\t\t\t\t\t\t\t\tstyle=\"z-index:5;font-family:'Mansalva';\"\n\t\t\t\t\t\t\t>Bienvenido a  \n\t\t\t\t\t\t\t<\/rs-layer><!--\n\n\t\t\t\t\t\t\t--><rs-layer\n\t\t\t\t\t\t\t\tid=\"slider-3-slide-7-layer-2\" \n\t\t\t\t\t\t\t\tdata-type=\"text\"\n\t\t\t\t\t\t\t\tdata-xy=\"x:c;xo:-4px,-4px,-1px,-1px;y:m;yo:-55px,-55px,-55px,-45px;\"\n\t\t\t\t\t\t\t\tdata-text=\"s:75,75,60,30;l:103;a:inherit;\"\n\t\t\t\t\t\t\t\tdata-basealign=\"slide\"\n\t\t\t\t\t\t\t\tdata-rsp_o=\"off\"\n\t\t\t\t\t\t\t\tdata-rsp_bd=\"off\"\n\t\t\t\t\t\t\t\tdata-frame_0=\"y:100%;\"\n\t\t\t\t\t\t\t\tdata-frame_1=\"e:expo.out;st:600;sp:2650;sR:600;\"\n\t\t\t\t\t\t\t\tdata-frame_999=\"o:0;e:nothing;st:w;sR:750;\"\n\t\t\t\t\t\t\t\tstyle=\"z-index:6;font-family:'Mansalva';\"\n\t\t\t\t\t\t\t>Florister\u00eda Bartolom\u00e9  \n\t\t\t\t\t\t\t<\/rs-layer><!--\n\n\t\t\t\t\t\t\t--><rs-layer\n\t\t\t\t\t\t\t\tid=\"slider-3-slide-7-layer-3\" \n\t\t\t\t\t\t\t\tdata-type=\"text\"\n\t\t\t\t\t\t\t\tdata-xy=\"x:c;xo:-4px,-4px,1px,-560px;y:m;yo:139px,139px,46px,-57px;\"\n\t\t\t\t\t\t\t\tdata-text=\"w:normal;s:40,40,16,14;l:42,42,32,35;fw:300;a:center;\"\n\t\t\t\t\t\t\t\tdata-dim=\"w:884px,884px,646px,417px;h:auto,auto,73px,auto;\"\n\t\t\t\t\t\t\t\tdata-vbility=\"t,t,t,f\"\n\t\t\t\t\t\t\t\tdata-basealign=\"slide\"\n\t\t\t\t\t\t\t\tdata-rsp_o=\"off\"\n\t\t\t\t\t\t\t\tdata-rsp_bd=\"off\"\n\t\t\t\t\t\t\t\tdata-frame_0=\"y:100%;\"\n\t\t\t\t\t\t\t\tdata-frame_1=\"e:expo.out;st:900;sp:2000;sR:900;\"\n\t\t\t\t\t\t\t\tdata-frame_999=\"o:0;st:w;sR:1100;\"\n\t\t\t\t\t\t\t\tstyle=\"z-index:7;font-family:'Open Sans';\"\n\t\t\t\t\t\t\t>Nuestra florister\u00eda es un espacio totalmente diferente dedicado al arte floral, donde todos tus eventos, regalos o cualquier momento especial llevar\u00e1n una conjunci\u00f3n de nuestra profesionalidad unida a tu personalidad \n\t\t\t\t\t\t\t<\/rs-layer><!--\n-->\t\t\t\t\t<\/rs-slide>\n\t\t\t\t\t\t<rs-slide style=\"position: absolute;\" data-key=\"rs-8\" data-title=\"Slide\" data-thumb=\"\/\/www.floristeriasbartolome.es\/wp-content\/uploads\/2018\/02\/h1-slide-2.jpg\" data-duration=\"8000ms\" data-anim=\"ms:600;\" data-in=\"o:0;\" data-out=\"a:false;\">\n\t\t\t\t\t\t\t<img decoding=\"async\" src=\"\/\/www.floristeriabartolome.com\/wp-content\/plugins\/revslider\/sr6\/assets\/assets\/dummy.png\" alt=\"a\" title=\"h1-slide-2\" width=\"1920\" height=\"1100\" class=\"rev-slidebg tp-rs-img rs-lazyload\" data-lazyload=\"\/\/www.floristeriasbartolome.es\/wp-content\/uploads\/2018\/02\/h1-slide-2.jpg\" data-parallax=\"6\" data-no-retina>\n<!--\n\t\t\t\t\t\t\t--><rs-layer\n\t\t\t\t\t\t\t\tid=\"slider-3-slide-8-layer-1\" \n\t\t\t\t\t\t\t\tdata-type=\"text\"\n\t\t\t\t\t\t\t\tdata-xy=\"x:c;xo:-9px;y:m;yo:-128px,-128px,-128px,-88px;\"\n\t\t\t\t\t\t\t\tdata-text=\"w:normal,normal,normal,nowrap;s:70,70,60,40;l:100;a:center;\"\n\t\t\t\t\t\t\t\tdata-dim=\"w:436px,436px,366px,282px;h:101px,101px,102px,101px;\"\n\t\t\t\t\t\t\t\tdata-basealign=\"slide\"\n\t\t\t\t\t\t\t\tdata-rsp_o=\"off\"\n\t\t\t\t\t\t\t\tdata-rsp_bd=\"off\"\n\t\t\t\t\t\t\t\tdata-frame_0=\"y:100%;\"\n\t\t\t\t\t\t\t\tdata-frame_1=\"e:expo.out;st:300;sp:2000;sR:300;\"\n\t\t\t\t\t\t\t\tdata-frame_999=\"o:0;st:w;sp:800;sR:1700;\"\n\t\t\t\t\t\t\t\tstyle=\"z-index:5;font-family:'Mansalva';\"\n\t\t\t\t\t\t\t>Confie en  \n\t\t\t\t\t\t\t<\/rs-layer><!--\n\n\t\t\t\t\t\t\t--><rs-layer\n\t\t\t\t\t\t\t\tid=\"slider-3-slide-8-layer-2\" \n\t\t\t\t\t\t\t\tdata-type=\"text\"\n\t\t\t\t\t\t\t\tdata-xy=\"x:c;xo:-4px,-4px,-4px,-1px;y:m;yo:-55px,-55px,-55px,-45px;\"\n\t\t\t\t\t\t\t\tdata-text=\"s:75,75,60,30;l:103;a:inherit;\"\n\t\t\t\t\t\t\t\tdata-basealign=\"slide\"\n\t\t\t\t\t\t\t\tdata-rsp_o=\"off\"\n\t\t\t\t\t\t\t\tdata-rsp_bd=\"off\"\n\t\t\t\t\t\t\t\tdata-frame_0=\"y:100%;\"\n\t\t\t\t\t\t\t\tdata-frame_1=\"e:expo.out;st:600;sp:2000;sR:600;\"\n\t\t\t\t\t\t\t\tdata-frame_999=\"o:0;st:w;sR:1400;\"\n\t\t\t\t\t\t\t\tstyle=\"z-index:6;font-family:'Mansalva';\"\n\t\t\t\t\t\t\t>Florister\u00eda Bartolom\u00e9  \n\t\t\t\t\t\t\t<\/rs-layer><!--\n\n\t\t\t\t\t\t\t--><rs-layer\n\t\t\t\t\t\t\t\tid=\"slider-3-slide-8-layer-16\" \n\t\t\t\t\t\t\t\tdata-type=\"text\"\n\t\t\t\t\t\t\t\tdata-xy=\"x:c;xo:-4px,-4px,1px,-560px;y:m;yo:139px,139px,46px,-57px;\"\n\t\t\t\t\t\t\t\tdata-text=\"w:normal;s:40,40,16,14;l:42,42,32,35;fw:300;a:center;\"\n\t\t\t\t\t\t\t\tdata-dim=\"w:884px,884px,646px,417px;h:auto,auto,73px,auto;\"\n\t\t\t\t\t\t\t\tdata-vbility=\"t,t,t,f\"\n\t\t\t\t\t\t\t\tdata-basealign=\"slide\"\n\t\t\t\t\t\t\t\tdata-rsp_o=\"off\"\n\t\t\t\t\t\t\t\tdata-rsp_bd=\"off\"\n\t\t\t\t\t\t\t\tdata-frame_0=\"y:100%;\"\n\t\t\t\t\t\t\t\tdata-frame_1=\"e:expo.out;st:900;sp:2000;sR:900;\"\n\t\t\t\t\t\t\t\tdata-frame_999=\"o:0;st:w;sR:1100;\"\n\t\t\t\t\t\t\t\tstyle=\"z-index:7;font-family:'Open Sans';\"\n\t\t\t\t\t\t\t>La boda que siempre so\u00f1aste, el bautizo y la Primera comuni\u00f3n de tu hij@, el ramo de rosas en vuestro aniversario, la cesta de macetas para tu Madre y tambi\u00e9n el recuerdo para los seres queridos que se fueron para siempre. \n\t\t\t\t\t\t\t<\/rs-layer><!--\n-->\t\t\t\t\t<\/rs-slide>\n\t\t\t\t\t\t<rs-slide style=\"position: absolute;\" data-key=\"rs-9\" data-title=\"Slide\" data-thumb=\"\/\/www.floristeriasbartolome.es\/wp-content\/uploads\/2018\/02\/h1-slide-3.jpg\" data-duration=\"8000ms\" data-anim=\"ms:600;\" data-in=\"o:0;\" data-out=\"a:false;\">\n\t\t\t\t\t\t\t<img decoding=\"async\" src=\"\/\/www.floristeriabartolome.com\/wp-content\/plugins\/revslider\/sr6\/assets\/assets\/dummy.png\" alt=\"a\" title=\"h1-slide-3\" width=\"1920\" height=\"1100\" class=\"rev-slidebg tp-rs-img rs-lazyload\" data-lazyload=\"\/\/www.floristeriasbartolome.es\/wp-content\/uploads\/2018\/02\/h1-slide-3.jpg\" data-parallax=\"6\" data-no-retina>\n<!--\n\t\t\t\t\t\t\t--><rs-layer\n\t\t\t\t\t\t\t\tid=\"slider-3-slide-9-layer-1\" \n\t\t\t\t\t\t\t\tdata-type=\"text\"\n\t\t\t\t\t\t\t\tdata-xy=\"x:c;xo:-9px;y:m;yo:-128px,-128px,-128px,-88px;\"\n\t\t\t\t\t\t\t\tdata-text=\"w:normal;s:70,70,60,40;l:100;a:center;\"\n\t\t\t\t\t\t\t\tdata-dim=\"w:433px,433px,383px,282px;h:102px,102px,101px,101px;\"\n\t\t\t\t\t\t\t\tdata-basealign=\"slide\"\n\t\t\t\t\t\t\t\tdata-rsp_o=\"off\"\n\t\t\t\t\t\t\t\tdata-rsp_bd=\"off\"\n\t\t\t\t\t\t\t\tdata-frame_0=\"y:100%;\"\n\t\t\t\t\t\t\t\tdata-frame_1=\"e:expo.out;st:300;sp:2000;sR:300;\"\n\t\t\t\t\t\t\t\tdata-frame_999=\"o:0;st:w;sp:800;sR:1700;\"\n\t\t\t\t\t\t\t\tstyle=\"z-index:5;font-family:'Mansalva';\"\n\t\t\t\t\t\t\t>Disfrute de  \n\t\t\t\t\t\t\t<\/rs-layer><!--\n\n\t\t\t\t\t\t\t--><rs-layer\n\t\t\t\t\t\t\t\tid=\"slider-3-slide-9-layer-2\" \n\t\t\t\t\t\t\t\tdata-type=\"text\"\n\t\t\t\t\t\t\t\tdata-xy=\"x:c;xo:-4px,-4px,-4px,-1px;y:m;yo:-55px,-55px,-55px,-45px;\"\n\t\t\t\t\t\t\t\tdata-text=\"s:75,75,60,30;l:103;a:inherit;\"\n\t\t\t\t\t\t\t\tdata-basealign=\"slide\"\n\t\t\t\t\t\t\t\tdata-rsp_o=\"off\"\n\t\t\t\t\t\t\t\tdata-rsp_bd=\"off\"\n\t\t\t\t\t\t\t\tdata-frame_0=\"y:100%;\"\n\t\t\t\t\t\t\t\tdata-frame_1=\"e:expo.out;st:600;sp:2000;sR:600;\"\n\t\t\t\t\t\t\t\tdata-frame_999=\"o:0;st:w;sR:1400;\"\n\t\t\t\t\t\t\t\tstyle=\"z-index:6;font-family:'Mansalva';\"\n\t\t\t\t\t\t\t>Florister\u00eda Bartolom\u00e9  \n\t\t\t\t\t\t\t<\/rs-layer><!--\n\n\t\t\t\t\t\t\t--><rs-layer\n\t\t\t\t\t\t\t\tid=\"slider-3-slide-9-layer-17\" \n\t\t\t\t\t\t\t\tdata-type=\"text\"\n\t\t\t\t\t\t\t\tdata-xy=\"x:c;xo:-4px,-4px,1px,-560px;y:m;yo:139px,139px,46px,-57px;\"\n\t\t\t\t\t\t\t\tdata-text=\"w:normal;s:40,40,16,14;l:42,42,32,35;fw:300;a:center;\"\n\t\t\t\t\t\t\t\tdata-dim=\"w:884px,884px,646px,417px;h:auto,auto,73px,auto;\"\n\t\t\t\t\t\t\t\tdata-vbility=\"t,t,t,f\"\n\t\t\t\t\t\t\t\tdata-basealign=\"slide\"\n\t\t\t\t\t\t\t\tdata-rsp_o=\"off\"\n\t\t\t\t\t\t\t\tdata-rsp_bd=\"off\"\n\t\t\t\t\t\t\t\tdata-frame_0=\"y:100%;\"\n\t\t\t\t\t\t\t\tdata-frame_1=\"e:expo.out;st:900;sp:2000;sR:900;\"\n\t\t\t\t\t\t\t\tdata-frame_999=\"o:0;st:w;sR:1100;\"\n\t\t\t\t\t\t\t\tstyle=\"z-index:7;font-family:'Open Sans';\"\n\t\t\t\t\t\t\t>desde nuestra pagina web queremos facilitarle el acceso a todas nuestras creaciones y productos, pudiendo hacer su pedido c\u00f3modamente desde cualquier lugar en que se encuentre. \n\t\t\t\t\t\t\t<\/rs-layer><!--\n-->\t\t\t\t\t<\/rs-slide>\n\t\t\t\t\t<\/rs-slides>\n\t\t\t\t<\/rs-module>\n\t\t\t\t<script>\n\t\t\t\t\tsetREVStartSize({c: 'rev_slider_3_1',rl:[1240,1024,778,480],el:[1030,605,600,895],gw:[1300,1100,760,600],gh:[1030,605,600,895],type:'carousel',justify:'',layout:'fullwidth',mh:\"0\"});if (window.RS_MODULES!==undefined && window.RS_MODULES.modules!==undefined && window.RS_MODULES.modules[\"revslider31\"]!==undefined) {window.RS_MODULES.modules[\"revslider31\"].once = false;window.revapi3 = undefined;if (window.RS_MODULES.checkMinimal!==undefined) window.RS_MODULES.checkMinimal()}\n\t\t\t\t<\/script>\n\t\t\t<\/rs-module-wrap>\n\t\t\t<!-- END REVOLUTION SLIDER -->\n<\/div><div class=\"w-html us_custom_fca8cc99\">\t\t<div id=\"instagram-gallery-feed-1\" class=\"instagram-gallery-feed\" data-feed=\"{&quot;id&quot;:1,&quot;account_id&quot;:&quot;17841406739229007&quot;,&quot;source&quot;:&quot;username&quot;,&quot;tag&quot;:&quot;wordpress&quot;,&quot;order_by&quot;:&quot;top_media&quot;,&quot;layout&quot;:&quot;carousel&quot;,&quot;limit&quot;:12,&quot;columns&quot;:3,&quot;spacing&quot;:10,&quot;lazy&quot;:false,&quot;responsive&quot;:{&quot;desktop&quot;:{&quot;columns&quot;:3,&quot;spacing&quot;:10},&quot;tablet&quot;:{&quot;columns&quot;:2,&quot;spacing&quot;:8},&quot;mobile&quot;:{&quot;columns&quot;:1,&quot;spacing&quot;:6},&quot;breakpoints&quot;:{&quot;tablet&quot;:768,&quot;mobile&quot;:480}},&quot;aspect_ratio&quot;:{&quot;width&quot;:1,&quot;height&quot;:1},&quot;highlight&quot;:{&quot;tag&quot;:&quot;&quot;,&quot;id&quot;:&quot;&quot;,&quot;position&quot;:&quot;1,3,5&quot;},&quot;reel&quot;:{&quot;hide&quot;:false},&quot;copyright&quot;:{&quot;hide&quot;:false,&quot;placeholder&quot;:&quot;&quot;},&quot;profile&quot;:{&quot;display&quot;:false,&quot;username&quot;:&quot;&quot;,&quot;nickname&quot;:&quot;&quot;,&quot;website&quot;:&quot;&quot;,&quot;biography&quot;:&quot;&quot;,&quot;link_text&quot;:&quot;Follow&quot;,&quot;website_text&quot;:&quot;Website&quot;,&quot;avatar&quot;:&quot;&quot;},&quot;box&quot;:{&quot;display&quot;:false,&quot;padding&quot;:1,&quot;radius&quot;:0,&quot;background&quot;:&quot;#fefefe&quot;,&quot;profile&quot;:false,&quot;desc&quot;:&quot;&quot;,&quot;text_color&quot;:&quot;#000000&quot;},&quot;mask&quot;:{&quot;display&quot;:true,&quot;background&quot;:&quot;#000000&quot;,&quot;icon_color&quot;:&quot;#ffffff&quot;,&quot;likes_count&quot;:true,&quot;comments_count&quot;:true},&quot;card&quot;:{&quot;display&quot;:false,&quot;radius&quot;:1,&quot;font_size&quot;:12,&quot;background&quot;:&quot;#ffffff&quot;,&quot;background_hover&quot;:&quot;&quot;,&quot;text_color&quot;:&quot;#000000&quot;,&quot;padding&quot;:5,&quot;likes_count&quot;:true,&quot;text_length&quot;:10,&quot;comments_count&quot;:true,&quot;text_align&quot;:&quot;left&quot;},&quot;carousel&quot;:{&quot;centered_slides&quot;:false,&quot;autoplay&quot;:true,&quot;autoplay_interval&quot;:3000,&quot;navarrows&quot;:true,&quot;navarrows_color&quot;:&quot;&quot;,&quot;pagination&quot;:true,&quot;pagination_color&quot;:&quot;&quot;},&quot;modal&quot;:{&quot;display&quot;:true,&quot;profile&quot;:false,&quot;media_description&quot;:false,&quot;likes_count&quot;:false,&quot;comments_count&quot;:false,&quot;comments_list&quot;:false,&quot;text_align&quot;:&quot;center&quot;,&quot;modal_align&quot;:&quot;top&quot;,&quot;text_length&quot;:10000,&quot;font_size&quot;:12},&quot;button&quot;:{&quot;display&quot;:true,&quot;text&quot;:&quot;Ver en Instagram&quot;,&quot;text_color&quot;:&quot;#ffff&quot;,&quot;background&quot;:&quot;#000000&quot;,&quot;background_hover&quot;:&quot;&quot;},&quot;button_load&quot;:{&quot;display&quot;:false,&quot;text&quot;:&quot;Load more...&quot;,&quot;text_color&quot;:&quot;#ffff&quot;,&quot;background&quot;:&quot;&quot;,&quot;background_hover&quot;:&quot;&quot;}}\">\n\t\t<!-- <FeedContainer\/> -->\n\t\t<\/div>\n\t\t<\/div><\/div><\/div><\/div><\/div><\/section>\n","protected":false},"excerpt":{"rendered":"Bienvenido a Florister\u00eda Bartolom\u00e9 Nuestra florister\u00eda es un espacio totalmente diferente dedicado al arte floral, donde todos tus eventos, regalos o cualquier momento especial llevar\u00e1n una conjunci\u00f3n de nuestra profesionalidad unida a tu personalidad Confie en Florister\u00eda Bartolom\u00e9 La boda que siempre so\u00f1aste, el bautizo y la Primera comuni\u00f3n de tu hij@, el ramo de...","protected":false},"author":2,"featured_media":0,"parent":0,"menu_order":0,"comment_status":"closed","ping_status":"closed","template":"","meta":{"footnotes":""},"class_list":["post-2720","page","type-page","status-publish","hentry"],"_links":{"self":[{"href":"https:\/\/www.floristeriabartolome.com\/index.php?rest_route=\/wp\/v2\/pages\/2720","targetHints":{"allow":["GET"]}}],"collection":[{"href":"https:\/\/www.floristeriabartolome.com\/index.php?rest_route=\/wp\/v2\/pages"}],"about":[{"href":"https:\/\/www.floristeriabartolome.com\/index.php?rest_route=\/wp\/v2\/types\/page"}],"author":[{"embeddable":true,"href":"https:\/\/www.floristeriabartolome.com\/index.php?rest_route=\/wp\/v2\/users\/2"}],"replies":[{"embeddable":true,"href":"https:\/\/www.floristeriabartolome.com\/index.php?rest_route=%2Fwp%2Fv2%2Fcomments&post=2720"}],"version-history":[{"count":25,"href":"https:\/\/www.floristeriabartolome.com\/index.php?rest_route=\/wp\/v2\/pages\/2720\/revisions"}],"predecessor-version":[{"id":2840,"href":"https:\/\/www.floristeriabartolome.com\/index.php?rest_route=\/wp\/v2\/pages\/2720\/revisions\/2840"}],"wp:attachment":[{"href":"https:\/\/www.floristeriabartolome.com\/index.php?rest_route=%2Fwp%2Fv2%2Fmedia&parent=2720"}],"curies":[{"name":"wp","href":"https:\/\/api.w.org\/{rel}","templated":true}]}}